{"id":27,"date":"2024-07-24T19:00:23","date_gmt":"2024-07-24T19:00:23","guid":{"rendered":"https:\/\/lcb-group.net\/market\/?page_id=27"},"modified":"2024-07-30T13:57:47","modified_gmt":"2024-07-30T13:57:47","slug":"remboursements_retours","status":"publish","type":"page","link":"https:\/\/lcb-group.net\/market\/accueil\/boutique\/remboursements_retours\/","title":{"rendered":"Politique en mati\u00e8re de remboursements et de retours"},"content":{"rendered":"\t\t<div data-elementor-type=\"wp-page\" data-elementor-id=\"27\" class=\"elementor elementor-27\">\n\t\t\t\t<div class=\"elementor-element elementor-element-16eb3789 e-flex e-con-boxed e-con e-parent\" data-id=\"16eb3789\" data-element_type=\"container\" data-e-type=\"container\">\n\t\t\t\t\t<div class=\"e-con-inner\">\n\t\t\t\t<div class=\"elementor-element elementor-element-116bf31a elementor-widget elementor-widget-text-editor\" data-id=\"116bf31a\" data-element_type=\"widget\" data-e-type=\"widget\" data-widget_type=\"text-editor.default\">\n\t\t\t\t<div class=\"elementor-widget-container\">\n\t\t\t\t\t\t\t\t\t<p><span style=\"color: #000000;\"><\/span><\/p>\n<p><span style=\"color: #000000;\"><strong>Aper\u00e7u<\/strong><\/span><\/p>\n<p><span style=\"color: #000000;\">Notre politique de remboursement et de retour dure 30 jours. Si 30 jours se sont \u00e9coul\u00e9s depuis votre achat, nous ne pouvons pas vous offrir un remboursement complet ou un \u00e9change.<\/span><\/p>\n<p><span style=\"color: #000000;\">Pour \u00eatre \u00e9ligible \u00e0 un retour, votre article doit \u00eatre inutilis\u00e9 et dans le m\u00eame \u00e9tat que vous l&rsquo;avez re\u00e7u. Il doit \u00e9galement \u00eatre dans son emballage d&rsquo;origine.<\/span><\/p>\n<p><span style=\"color: #000000;\">Plusieurs types de biens sont exempt\u00e9s de retour. Les biens p\u00e9rissables tels que les aliments, les fleurs, les journaux ou les magazines ne peuvent pas \u00eatre retourn\u00e9s. Nous n&rsquo;acceptons pas non plus les produits intimes ou sanitaires, les mati\u00e8res dangereuses, ou les liquides ou gaz inflammables.<\/span><\/p>\n<p><span style=\"color: #000000;\"><strong>Articles suppl\u00e9mentaires non retournables :<\/strong><\/span><\/p>\n<ul>\n<li><span style=\"color: #000000;\">Cartes cadeaux<\/span><\/li>\n<li><span style=\"color: #000000;\">Produits logiciels t\u00e9l\u00e9chargeables<\/span><\/li>\n<li><span style=\"color: #000000;\">Certains articles de sant\u00e9 et de soins personnels<\/span><\/li>\n<\/ul>\n<p><span style=\"color: #000000;\">Pour compl\u00e9ter votre retour, nous exigeons un re\u00e7u ou une preuve d&rsquo;achat.<\/span><\/p>\n<p><span style=\"color: #000000;\">Veuillez ne pas renvoyer votre achat au fabricant.<\/span><\/p>\n<p><span style=\"color: #000000;\">Il existe certaines situations o\u00f9 seuls des remboursements partiels sont accord\u00e9s :<\/span><\/p>\n<ul>\n<li><span style=\"color: #000000;\">Livre avec des signes \u00e9vidents d&rsquo;utilisation<\/span><\/li>\n<li><span style=\"color: #000000;\">CD, DVD, cassette VHS, logiciel, jeu vid\u00e9o, cassette audio, ou disque vinyle qui a \u00e9t\u00e9 ouvert<\/span><\/li>\n<li><span style=\"color: #000000;\">Tout article qui n&rsquo;est pas dans son \u00e9tat d&rsquo;origine, qui est endommag\u00e9 ou auquel il manque des pi\u00e8ces pour des raisons non dues \u00e0 notre erreur<\/span><\/li>\n<li><span style=\"color: #000000;\">Tout article retourn\u00e9 plus de 30 jours apr\u00e8s la livraison<\/span><\/li>\n<\/ul>\n<p><span style=\"color: #000000;\"><strong>Remboursements<\/strong><\/span><\/p>\n<p><span style=\"color: #000000;\">Une fois votre retour re\u00e7u et inspect\u00e9, nous vous enverrons un e-mail pour vous informer que nous avons re\u00e7u votre article retourn\u00e9. Nous vous informerons \u00e9galement de l&rsquo;approbation ou du rejet de votre remboursement.<\/span><\/p>\n<p><span style=\"color: #000000;\">Si vous \u00eates approuv\u00e9, alors votre remboursement sera trait\u00e9, et un cr\u00e9dit sera automatiquement appliqu\u00e9 \u00e0 votre carte de cr\u00e9dit ou \u00e0 votre m\u00e9thode de paiement initiale, dans un certain nombre de jours.<\/span><\/p>\n<p><span style=\"color: #000000;\"><strong>Remboursements tardifs ou manquants<\/strong><\/span><\/p>\n<p><span style=\"color: #000000;\">Si vous n&rsquo;avez pas encore re\u00e7u de remboursement, v\u00e9rifiez d&rsquo;abord votre compte bancaire \u00e0 nouveau.<\/span><\/p>\n<p><span style=\"color: #000000;\">Ensuite, contactez votre compagnie de carte de cr\u00e9dit, car il peut y avoir un certain temps avant que votre remboursement soit officiellement post\u00e9.<\/span><\/p>\n<p><span style=\"color: #000000;\">Contactez ensuite votre banque. Il y a souvent un d\u00e9lai de traitement avant qu&rsquo;un remboursement soit post\u00e9.<\/span><\/p>\n<p><span style=\"color: #000000;\">Si vous avez fait tout cela et que vous n&rsquo;avez toujours pas re\u00e7u votre remboursement, veuillez nous contacter \u00e0 {adresse e-mail}.<\/span><\/p>\n<p><span style=\"color: #000000;\"><strong>Articles en solde<\/strong><\/span><\/p>\n<p><span style=\"color: #000000;\">Seuls les articles \u00e0 prix r\u00e9gulier peuvent \u00eatre rembours\u00e9s. Les articles en solde ne peuvent pas \u00eatre rembours\u00e9s.<\/span><\/p>\n<p><span style=\"color: #000000;\"><strong>\u00c9changes<\/strong><\/span><\/p>\n<p><span style=\"color: #000000;\">Nous ne rempla\u00e7ons un article que s&rsquo;il est d\u00e9fectueux ou endommag\u00e9. Si vous avez besoin de l&rsquo;\u00e9changer contre le m\u00eame article, envoyez-nous un e-mail \u00e0 {adresse e-mail} et envoyez votre article \u00e0 : {adresse physique}.<\/span><\/p>\n<p><span style=\"color: #000000;\"><strong>Cadeaux<\/strong><\/span><\/p>\n<p><span style=\"color: #000000;\">Si l&rsquo;article a \u00e9t\u00e9 marqu\u00e9 comme cadeau lors de l&rsquo;achat et exp\u00e9di\u00e9 directement chez vous, vous recevrez un cr\u00e9dit cadeau pour la valeur de votre retour. Une fois l&rsquo;article retourn\u00e9 re\u00e7u, un certificat cadeau vous sera envoy\u00e9 par courrier.<\/span><\/p>\n<p><span style=\"color: #000000;\">Si l&rsquo;article n&rsquo;a pas \u00e9t\u00e9 marqu\u00e9 comme cadeau lors de l&rsquo;achat, ou si le donateur s&rsquo;est fait exp\u00e9dier la commande pour vous la donner plus tard, nous enverrons un remboursement au donateur et il d\u00e9couvrira votre retour.<\/span><\/p>\n<p><span style=\"color: #000000;\"><strong>Exp\u00e9dition des Retours<\/strong><\/span><\/p>\n<p><span style=\"color: #000000;\">Pour retourner votre produit, vous devez envoyer votre produit \u00e0 : {adresse physique}.<\/span><\/p>\n<p><span style=\"color: #000000;\">Vous serez responsable du paiement de vos propres frais d&rsquo;exp\u00e9dition pour le retour de votre article. Les frais d&rsquo;exp\u00e9dition ne sont pas remboursables. Si vous recevez un remboursement, le co\u00fbt du retour sera d\u00e9duit de votre remboursement.<\/span><\/p>\n<p><span style=\"color: #000000;\">En fonction de l&rsquo;endroit o\u00f9 vous vivez, le d\u00e9lai n\u00e9cessaire pour recevoir votre produit \u00e9chang\u00e9 peut varier.<\/span><\/p>\n<p><span style=\"color: #000000;\">Si vous retournez des articles plus co\u00fbteux, vous pouvez envisager d&rsquo;utiliser un service d&rsquo;exp\u00e9dition suivi ou d&rsquo;acheter une assurance d&rsquo;exp\u00e9dition. Nous ne garantissons pas que nous recevrons votre article retourn\u00e9.<\/span><\/p>\n<p><span style=\"color: #000000;\"><strong>Besoin d&rsquo;aide ?<\/strong><\/span><\/p>\n<p><span style=\"color: #000000;\">Contactez-nous \u00e0 {adresse e-mail} pour toute question relative aux remboursements et aux retours.<\/span><\/p>\n<p><span style=\"color: #000000;\"><\/span><\/p>\t\t\t\t\t\t\t\t<\/div>\n\t\t\t\t<\/div>\n\t\t\t\t\t<\/div>\n\t\t\t\t<\/div>\n\t\t\t\t<\/div>\n\t\t","protected":false},"excerpt":{"rendered":"<p>Aper\u00e7u Notre politique de remboursement et de retour dure 30 jours. Si 30 jours se sont \u00e9coul\u00e9s depuis votre achat, nous ne pouvons pas vous offrir un remboursement complet ou un \u00e9change. Pour \u00eatre \u00e9ligible \u00e0 un retour, votre article doit \u00eatre inutilis\u00e9 et dans le m\u00eame \u00e9tat que vous l&rsquo;avez re\u00e7u. Il doit \u00e9galement [&hellip;]<\/p>\n","protected":false},"author":1,"featured_media":0,"parent":1218,"menu_order":0,"comment_status":"closed","ping_status":"closed","template":"","meta":{"site-sidebar-layout":"default","site-content-layout":"","ast-site-content-layout":"default","site-content-style":"default","site-sidebar-style":"default","ast-global-header-display":"","ast-banner-title-visibility":"","ast-main-header-display":"","ast-hfb-above-header-display":"","ast-hfb-below-header-display":"","ast-hfb-mobile-header-display":"","site-post-title":"disabled","ast-breadcrumbs-content":"","ast-featured-img":"","footer-sml-layout":"","ast-disable-related-posts":"","theme-transparent-header-meta":"","adv-header-id-meta":"","stick-header-meta":"","header-above-stick-meta":"","header-main-stick-meta":"","header-below-stick-meta":"","astra-migrate-meta-layouts":"set","ast-page-background-enabled":"default","ast-page-background-meta":{"desktop":{"background-color":"","background-image":"","background-repeat":"repeat","background-position":"center center","background-size":"auto","background-attachment":"scroll","background-type":"","background-media":"","overlay-type":"","overlay-color":"","overlay-opacity":"","overlay-gradient":""},"tablet":{"background-color":"","background-image":"","background-repeat":"repeat","background-position":"center center","background-size":"auto","background-attachment":"scroll","background-type":"","background-media":"","overlay-type":"","overlay-color":"","overlay-opacity":"","overlay-gradient":""},"mobile":{"background-color":"","background-image":"","background-repeat":"repeat","background-position":"center center","background-size":"auto","background-attachment":"scroll","background-type":"","background-media":"","overlay-type":"","overlay-color":"","overlay-opacity":"","overlay-gradient":""}},"ast-content-background-meta":{"desktop":{"background-color":"var(--ast-global-color-5)","background-image":"","background-repeat":"repeat","background-position":"center center","background-size":"auto","background-attachment":"scroll","background-type":"","background-media":"","overlay-type":"","overlay-color":"","overlay-opacity":"","overlay-gradient":""},"tablet":{"background-color":"var(--ast-global-color-5)","background-image":"","background-repeat":"repeat","background-position":"center center","background-size":"auto","background-attachment":"scroll","background-type":"","background-media":"","overlay-type":"","overlay-color":"","overlay-opacity":"","overlay-gradient":""},"mobile":{"background-color":"var(--ast-global-color-5)","background-image":"","background-repeat":"repeat","background-position":"center center","background-size":"auto","background-attachment":"scroll","background-type":"","background-media":"","overlay-type":"","overlay-color":"","overlay-opacity":"","overlay-gradient":""}},"iawp_total_views":1,"footnotes":""},"class_list":["post-27","page","type-page","status-publish","hentry"],"_links":{"self":[{"href":"https:\/\/lcb-group.net\/market\/wp-json\/wp\/v2\/pages\/27","targetHints":{"allow":["GET"]}}],"collection":[{"href":"https:\/\/lcb-group.net\/market\/wp-json\/wp\/v2\/pages"}],"about":[{"href":"https:\/\/lcb-group.net\/market\/wp-json\/wp\/v2\/types\/page"}],"author":[{"embeddable":true,"href":"https:\/\/lcb-group.net\/market\/wp-json\/wp\/v2\/users\/1"}],"replies":[{"embeddable":true,"href":"https:\/\/lcb-group.net\/market\/wp-json\/wp\/v2\/comments?post=27"}],"version-history":[{"count":5,"href":"https:\/\/lcb-group.net\/market\/wp-json\/wp\/v2\/pages\/27\/revisions"}],"predecessor-version":[{"id":3435,"href":"https:\/\/lcb-group.net\/market\/wp-json\/wp\/v2\/pages\/27\/revisions\/3435"}],"up":[{"embeddable":true,"href":"https:\/\/lcb-group.net\/market\/wp-json\/wp\/v2\/pages\/1218"}],"wp:attachment":[{"href":"https:\/\/lcb-group.net\/market\/wp-json\/wp\/v2\/media?parent=27"}],"curies":[{"name":"wp","href":"https:\/\/api.w.org\/{rel}","templated":true}]}}