{"id":3883,"date":"2024-08-20T15:03:24","date_gmt":"2024-08-20T15:03:24","guid":{"rendered":"https:\/\/lcb-group.net\/market\/?post_type=product&#038;p=3883"},"modified":"2024-08-21T12:57:48","modified_gmt":"2024-08-21T12:57:48","slug":"tee-shirt-officiel-lcb-group-4","status":"publish","type":"product","link":"https:\/\/lcb-group.net\/market\/produit\/tee-shirt-officiel-lcb-group-4\/","title":{"rendered":"T-shirt bleu LCB GROUP"},"content":{"rendered":"<p><span style=\"color: #000000;\">Un T-shirt bleu classique arborant fi\u00e8rement l&rsquo;\u00e9criture <strong>LCB GROUP<\/strong> sur une bande blanche au style d\u00e9grad\u00e9. Con\u00e7u pour \u00eatre \u00e0 la fois confortable et \u00e9l\u00e9gant, ce T-shirt est parfait pour promouvoir l&rsquo;identit\u00e9 de LCB GROUP. Le logo est \u00e9galement pr\u00e9sent dans le dos, offrant une visibilit\u00e9 \u00e0 360\u00b0 lors de vos \u00e9v\u00e9nements ou sortie. Id\u00e9al pour afficher votre appartenance avec style.<\/span><\/p>\n","protected":false},"excerpt":{"rendered":"<p><span style=\"color: #000000;\"><strong>T-shirt bleu LCB GROUP avec bande blanche d\u00e9grad\u00e9e<\/strong><\/span><\/p>\n","protected":false},"featured_media":3884,"comment_status":"open","ping_status":"closed","template":"","meta":{"site-sidebar-layout":"default","site-content-layout":"","ast-site-content-layout":"default","site-content-style":"default","site-sidebar-style":"default","ast-global-header-display":"","ast-banner-title-visibility":"","ast-main-header-display":"","ast-hfb-above-header-display":"","ast-hfb-below-header-display":"","ast-hfb-mobile-header-display":"","site-post-title":"","ast-breadcrumbs-content":"","ast-featured-img":"","footer-sml-layout":"","ast-disable-related-posts":"","theme-transparent-header-meta":"default","adv-header-id-meta":"","stick-header-meta":"","header-above-stick-meta":"","header-main-stick-meta":"","header-below-stick-meta":"","astra-migrate-meta-layouts":"set","ast-page-background-enabled":"default","ast-page-background-meta":{"desktop":{"background-color":"","background-image":"","background-repeat":"repeat","background-position":"center center","background-size":"auto","background-attachment":"scroll","background-type":"","background-media":"","overlay-type":"","overlay-color":"","overlay-opacity":"","overlay-gradient":""},"tablet":{"background-color":"","background-image":"","background-repeat":"repeat","background-position":"center center","background-size":"auto","background-attachment":"scroll","background-type":"","background-media":"","overlay-type":"","overlay-color":"","overlay-opacity":"","overlay-gradient":""},"mobile":{"background-color":"","background-image":"","background-repeat":"repeat","background-position":"center center","background-size":"auto","background-attachment":"scroll","background-type":"","background-media":"","overlay-type":"","overlay-color":"","overlay-opacity":"","overlay-gradient":""}},"ast-content-background-meta":{"desktop":{"background-color":"var(--ast-global-color-5)","background-image":"","background-repeat":"repeat","background-position":"center center","background-size":"auto","background-attachment":"scroll","background-type":"","background-media":"","overlay-type":"","overlay-color":"","overlay-opacity":"","overlay-gradient":""},"tablet":{"background-color":"var(--ast-global-color-5)","background-image":"","background-repeat":"repeat","background-position":"center center","background-size":"auto","background-attachment":"scroll","background-type":"","background-media":"","overlay-type":"","overlay-color":"","overlay-opacity":"","overlay-gradient":""},"mobile":{"background-color":"var(--ast-global-color-5)","background-image":"","background-repeat":"repeat","background-position":"center center","background-size":"auto","background-attachment":"scroll","background-type":"","background-media":"","overlay-type":"","overlay-color":"","overlay-opacity":"","overlay-gradient":""}},"iawp_total_views":4},"product_brand":[],"product_cat":[50],"product_tag":[],"class_list":{"0":"post-3883","1":"product","2":"type-product","3":"status-publish","4":"has-post-thumbnail","6":"product_cat-t-shirt","7":"desktop-align-center","8":"tablet-align-center","9":"mobile-align-center","11":"first","12":"instock","13":"sale","14":"shipping-taxable","15":"purchasable","16":"product-type-simple"},"_links":{"self":[{"href":"https:\/\/lcb-group.net\/market\/wp-json\/wp\/v2\/product\/3883","targetHints":{"allow":["GET"]}}],"collection":[{"href":"https:\/\/lcb-group.net\/market\/wp-json\/wp\/v2\/product"}],"about":[{"href":"https:\/\/lcb-group.net\/market\/wp-json\/wp\/v2\/types\/product"}],"replies":[{"embeddable":true,"href":"https:\/\/lcb-group.net\/market\/wp-json\/wp\/v2\/comments?post=3883"}],"wp:featuredmedia":[{"embeddable":true,"href":"https:\/\/lcb-group.net\/market\/wp-json\/wp\/v2\/media\/3884"}],"wp:attachment":[{"href":"https:\/\/lcb-group.net\/market\/wp-json\/wp\/v2\/media?parent=3883"}],"wp:term":[{"taxonomy":"product_brand","embeddable":true,"href":"https:\/\/lcb-group.net\/market\/wp-json\/wp\/v2\/product_brand?post=3883"},{"taxonomy":"product_cat","embeddable":true,"href":"https:\/\/lcb-group.net\/market\/wp-json\/wp\/v2\/product_cat?post=3883"},{"taxonomy":"product_tag","embeddable":true,"href":"https:\/\/lcb-group.net\/market\/wp-json\/wp\/v2\/product_tag?post=3883"}],"curies":[{"name":"wp","href":"https:\/\/api.w.org\/{rel}","templated":true}]}}