{"id":3892,"date":"2024-08-20T15:06:17","date_gmt":"2024-08-20T15:06:17","guid":{"rendered":"https:\/\/lcb-group.net\/market\/?post_type=product&#038;p=3892"},"modified":"2024-08-21T13:11:06","modified_gmt":"2024-08-21T13:11:06","slug":"tee-shirt-officiel-lcb-group-6","status":"publish","type":"product","link":"https:\/\/lcb-group.net\/market\/produit\/tee-shirt-officiel-lcb-group-6\/","title":{"rendered":"T-shirt blanc LCB GROUP"},"content":{"rendered":"<p><span style=\"color: #000000;\">Affichez fi\u00e8rement votre appartenance \u00e0 LCB GROUP avec ce T-shirt blanc \u00e9pur\u00e9 et moderne. Son design dynamique met en avant le logo <strong>LCB GROUP<\/strong> et le slogan \u00ab\u00a0ALWAYS\u00a0\u00bb en bleu, rehauss\u00e9s d&rsquo;une touche de rouge pour une touche de distinction. Le logo est \u00e9galement discr\u00e8tement positionn\u00e9 \u00e0 l&rsquo;arri\u00e8re, au niveau du col, pour une finition soign\u00e9e.<\/span><\/p>\n<p><span style=\"color: #000000;\">Disponible en tailles S, M, L, XL, et XXL, ce T-shirt est confectionn\u00e9 en 100% coton doux, garantissant un confort optimal tout au long de la journ\u00e9e. Sa coupe ajust\u00e9e apporte une touche de modernit\u00e9 \u00e0 votre look, que ce soit pour des \u00e9v\u00e9nements d&rsquo;entreprise ou des journ\u00e9es d\u00e9contract\u00e9es.<\/span><\/p>\n<p><span style=\"color: #000000;\"><strong>Caract\u00e9ristiques principales :<\/strong><\/span><\/p>\n<ul>\n<li><span style=\"color: #000000;\"><strong>Mati\u00e8re<\/strong> : 100% coton doux au toucher pour un confort in\u00e9gal\u00e9.<\/span><\/li>\n<li><span style=\"color: #000000;\"><strong>Coupe<\/strong> : Ajust\u00e9e pour un style moderne et \u00e9l\u00e9gant.<\/span><\/li>\n<li><span style=\"color: #000000;\"><strong>Design<\/strong> : Logo LCB GROUP et slogan \u00ab\u00a0ALWAYS\u00a0\u00bb sur le devant, avec un logo discret au dos.<\/span><\/li>\n<li><span style=\"color: #000000;\"><strong>Entretien<\/strong> : Lavable en machine \u00e0 30\u00b0C, facile d&rsquo;entretien avec repassage \u00e0 basse temp\u00e9rature.<\/span><\/li>\n<\/ul>\n<p><span style=\"color: #000000;\">Ce T-shirt est le choix parfait pour montrer votre engagement envers LCB GROUP, avec style et confort.<\/span><\/p>\n","protected":false},"excerpt":{"rendered":"<p><span style=\"color: #000000;\"><strong>Confort et style pour toutes les occasions<br \/>\n<\/strong><\/span><\/p>\n","protected":false},"featured_media":3887,"comment_status":"open","ping_status":"closed","template":"","meta":{"site-sidebar-layout":"default","site-content-layout":"","ast-site-content-layout":"default","site-content-style":"default","site-sidebar-style":"default","ast-global-header-display":"","ast-banner-title-visibility":"","ast-main-header-display":"","ast-hfb-above-header-display":"","ast-hfb-below-header-display":"","ast-hfb-mobile-header-display":"","site-post-title":"","ast-breadcrumbs-content":"","ast-featured-img":"","footer-sml-layout":"","ast-disable-related-posts":"","theme-transparent-header-meta":"default","adv-header-id-meta":"","stick-header-meta":"","header-above-stick-meta":"","header-main-stick-meta":"","header-below-stick-meta":"","astra-migrate-meta-layouts":"set","ast-page-background-enabled":"default","ast-page-background-meta":{"desktop":{"background-color":"","background-image":"","background-repeat":"repeat","background-position":"center center","background-size":"auto","background-attachment":"scroll","background-type":"","background-media":"","overlay-type":"","overlay-color":"","overlay-opacity":"","overlay-gradient":""},"tablet":{"background-color":"","background-image":"","background-repeat":"repeat","background-position":"center center","background-size":"auto","background-attachment":"scroll","background-type":"","background-media":"","overlay-type":"","overlay-color":"","overlay-opacity":"","overlay-gradient":""},"mobile":{"background-color":"","background-image":"","background-repeat":"repeat","background-position":"center center","background-size":"auto","background-attachment":"scroll","background-type":"","background-media":"","overlay-type":"","overlay-color":"","overlay-opacity":"","overlay-gradient":""}},"ast-content-background-meta":{"desktop":{"background-color":"var(--ast-global-color-5)","background-image":"","background-repeat":"repeat","background-position":"center center","background-size":"auto","background-attachment":"scroll","background-type":"","background-media":"","overlay-type":"","overlay-color":"","overlay-opacity":"","overlay-gradient":""},"tablet":{"background-color":"var(--ast-global-color-5)","background-image":"","background-repeat":"repeat","background-position":"center center","background-size":"auto","background-attachment":"scroll","background-type":"","background-media":"","overlay-type":"","overlay-color":"","overlay-opacity":"","overlay-gradient":""},"mobile":{"background-color":"var(--ast-global-color-5)","background-image":"","background-repeat":"repeat","background-position":"center center","background-size":"auto","background-attachment":"scroll","background-type":"","background-media":"","overlay-type":"","overlay-color":"","overlay-opacity":"","overlay-gradient":""}},"iawp_total_views":1},"product_brand":[],"product_cat":[50],"product_tag":[],"class_list":{"0":"post-3892","1":"product","2":"type-product","3":"status-publish","4":"has-post-thumbnail","6":"product_cat-t-shirt","7":"desktop-align-center","8":"tablet-align-center","9":"mobile-align-center","11":"first","12":"instock","13":"sale","14":"shipping-taxable","15":"purchasable","16":"product-type-simple"},"_links":{"self":[{"href":"https:\/\/lcb-group.net\/market\/wp-json\/wp\/v2\/product\/3892","targetHints":{"allow":["GET"]}}],"collection":[{"href":"https:\/\/lcb-group.net\/market\/wp-json\/wp\/v2\/product"}],"about":[{"href":"https:\/\/lcb-group.net\/market\/wp-json\/wp\/v2\/types\/product"}],"replies":[{"embeddable":true,"href":"https:\/\/lcb-group.net\/market\/wp-json\/wp\/v2\/comments?post=3892"}],"wp:featuredmedia":[{"embeddable":true,"href":"https:\/\/lcb-group.net\/market\/wp-json\/wp\/v2\/media\/3887"}],"wp:attachment":[{"href":"https:\/\/lcb-group.net\/market\/wp-json\/wp\/v2\/media?parent=3892"}],"wp:term":[{"taxonomy":"product_brand","embeddable":true,"href":"https:\/\/lcb-group.net\/market\/wp-json\/wp\/v2\/product_brand?post=3892"},{"taxonomy":"product_cat","embeddable":true,"href":"https:\/\/lcb-group.net\/market\/wp-json\/wp\/v2\/product_cat?post=3892"},{"taxonomy":"product_tag","embeddable":true,"href":"https:\/\/lcb-group.net\/market\/wp-json\/wp\/v2\/product_tag?post=3892"}],"curies":[{"name":"wp","href":"https:\/\/api.w.org\/{rel}","templated":true}]}}