{"id":3936,"date":"2024-08-28T16:41:10","date_gmt":"2024-08-28T16:41:10","guid":{"rendered":"https:\/\/lcb-group.net\/market\/?post_type=product&#038;p=3936"},"modified":"2024-08-28T17:25:52","modified_gmt":"2024-08-28T17:25:52","slug":"montre-chronographe-vintage","status":"publish","type":"product","link":"https:\/\/lcb-group.net\/market\/produit\/montre-chronographe-vintage\/","title":{"rendered":"Montre Chronographe Vintage"},"content":{"rendered":"<p><span style=\"color: #000000;\">Ajoutez une touche d&rsquo;\u00e9l\u00e9gance r\u00e9tro \u00e0 votre poignet avec cette montre chronographe au style vintage. Son cadran classique, associ\u00e9 \u00e0 un bracelet en cuir brun, en fait un accessoire intemporel et sophistiqu\u00e9.<\/span><\/p>\n<p><span style=\"color: #000000;\"><strong>Caract\u00e9ristiques :<\/strong><\/span><\/p>\n<ul>\n<li><span style=\"color: #000000;\"><strong>Mouvement :<\/strong> Chronographe \u00e0 quartz pr\u00e9cis.<\/span><\/li>\n<li><span style=\"color: #000000;\"><strong>Cadran :<\/strong> Blanc avec sous-cadrans noirs.<\/span><\/li>\n<li><span style=\"color: #000000;\"><strong>Bo\u00eetier :<\/strong> Acier inoxydable robuste.<\/span><\/li>\n<li><span style=\"color: #000000;\"><strong>Bracelet :<\/strong> Cuir v\u00e9ritable de haute qualit\u00e9.<\/span><\/li>\n<li><span style=\"color: #000000;\"><strong>Fonctions :<\/strong> Chronom\u00e8tre, dateur, et affichage 24 heures.<\/span><\/li>\n<li><span style=\"color: #000000;\"><strong>\u00c9tanch\u00e9it\u00e9 :<\/strong> R\u00e9sistante aux \u00e9claboussures.<\/span><\/li>\n<\/ul>\n","protected":false},"excerpt":{"rendered":"<p><span style=\"color: #000000;\">Ajoutez une touche d&rsquo;\u00e9l\u00e9gance r\u00e9tro \u00e0 votre poignet avec cette montre chronographe au style vintage.<\/span><\/p>\n","protected":false},"featured_media":3937,"comment_status":"open","ping_status":"closed","template":"","meta":{"site-sidebar-layout":"default","site-content-layout":"","ast-site-content-layout":"default","site-content-style":"default","site-sidebar-style":"default","ast-global-header-display":"","ast-banner-title-visibility":"","ast-main-header-display":"","ast-hfb-above-header-display":"","ast-hfb-below-header-display":"","ast-hfb-mobile-header-display":"","site-post-title":"","ast-breadcrumbs-content":"","ast-featured-img":"","footer-sml-layout":"","ast-disable-related-posts":"","theme-transparent-header-meta":"default","adv-header-id-meta":"","stick-header-meta":"","header-above-stick-meta":"","header-main-stick-meta":"","header-below-stick-meta":"","astra-migrate-meta-layouts":"set","ast-page-background-enabled":"default","ast-page-background-meta":{"desktop":{"background-color":"","background-image":"","background-repeat":"repeat","background-position":"center center","background-size":"auto","background-attachment":"scroll","background-type":"","background-media":"","overlay-type":"","overlay-color":"","overlay-opacity":"","overlay-gradient":""},"tablet":{"background-color":"","background-image":"","background-repeat":"repeat","background-position":"center center","background-size":"auto","background-attachment":"scroll","background-type":"","background-media":"","overlay-type":"","overlay-color":"","overlay-opacity":"","overlay-gradient":""},"mobile":{"background-color":"","background-image":"","background-repeat":"repeat","background-position":"center center","background-size":"auto","background-attachment":"scroll","background-type":"","background-media":"","overlay-type":"","overlay-color":"","overlay-opacity":"","overlay-gradient":""}},"ast-content-background-meta":{"desktop":{"background-color":"var(--ast-global-color-5)","background-image":"","background-repeat":"repeat","background-position":"center center","background-size":"auto","background-attachment":"scroll","background-type":"","background-media":"","overlay-type":"","overlay-color":"","overlay-opacity":"","overlay-gradient":""},"tablet":{"background-color":"var(--ast-global-color-5)","background-image":"","background-repeat":"repeat","background-position":"center center","background-size":"auto","background-attachment":"scroll","background-type":"","background-media":"","overlay-type":"","overlay-color":"","overlay-opacity":"","overlay-gradient":""},"mobile":{"background-color":"var(--ast-global-color-5)","background-image":"","background-repeat":"repeat","background-position":"center center","background-size":"auto","background-attachment":"scroll","background-type":"","background-media":"","overlay-type":"","overlay-color":"","overlay-opacity":"","overlay-gradient":""}},"iawp_total_views":1},"product_brand":[],"product_cat":[26],"product_tag":[],"class_list":{"0":"post-3936","1":"product","2":"type-product","3":"status-publish","4":"has-post-thumbnail","6":"product_cat-accessoires","7":"desktop-align-center","8":"tablet-align-center","9":"mobile-align-center","11":"first","12":"instock","13":"shipping-taxable","14":"purchasable","15":"product-type-simple"},"_links":{"self":[{"href":"https:\/\/lcb-group.net\/market\/wp-json\/wp\/v2\/product\/3936","targetHints":{"allow":["GET"]}}],"collection":[{"href":"https:\/\/lcb-group.net\/market\/wp-json\/wp\/v2\/product"}],"about":[{"href":"https:\/\/lcb-group.net\/market\/wp-json\/wp\/v2\/types\/product"}],"replies":[{"embeddable":true,"href":"https:\/\/lcb-group.net\/market\/wp-json\/wp\/v2\/comments?post=3936"}],"wp:featuredmedia":[{"embeddable":true,"href":"https:\/\/lcb-group.net\/market\/wp-json\/wp\/v2\/media\/3937"}],"wp:attachment":[{"href":"https:\/\/lcb-group.net\/market\/wp-json\/wp\/v2\/media?parent=3936"}],"wp:term":[{"taxonomy":"product_brand","embeddable":true,"href":"https:\/\/lcb-group.net\/market\/wp-json\/wp\/v2\/product_brand?post=3936"},{"taxonomy":"product_cat","embeddable":true,"href":"https:\/\/lcb-group.net\/market\/wp-json\/wp\/v2\/product_cat?post=3936"},{"taxonomy":"product_tag","embeddable":true,"href":"https:\/\/lcb-group.net\/market\/wp-json\/wp\/v2\/product_tag?post=3936"}],"curies":[{"name":"wp","href":"https:\/\/api.w.org\/{rel}","templated":true}]}}